{"id":3657,"date":"2022-10-10T10:52:17","date_gmt":"2022-10-10T08:52:17","guid":{"rendered":"https:\/\/e3holding.de\/frontpage\/"},"modified":"2025-08-28T11:25:03","modified_gmt":"2025-08-28T09:25:03","slug":"frontpage","status":"publish","type":"page","link":"https:\/\/e3holding.de\/en\/","title":{"rendered":"Frontpage"},"content":{"rendered":"<section class=\"custom-block section-page-header text-left align-content-vertical-top page-header-hero has-custom-background  background-image-cover bg-dark\" id=\"block_76ce403681c11fac80b99871d75fef58\"><div class=\"section-inner page-header-inner gradient-transition gradient-dark-top gradient-small\"><div class=\"wrapper-wide\"><div class=\"row\"><div class=\"col-sm-20 offset-sm-2 col-md-16 offset-md-4 col-lg-12 offset-lg-6\"><div class=\"page-header-content\"><h1 class=\"h0 text-white text-reveal\">Values in <strong>Action.<\/strong><\/h1><\/div><\/div><\/div><\/div><div class=\"scroll-down\"><div class=\"scroll-down-bar\"><\/div><\/div><\/div><div class=\"section-inner page-header-inner\"><div class=\"wrapper-wide\"><div class=\"row\"><div class=\"col-sm-20 offset-sm-2 col-md-16 offset-md-4 col-lg-12 offset-lg-6\"><div class=\"page-header-content\"><h1 class=\"h0 text-white text-reveal\">Helping Dreams Scale <strong>New Heights.<\/strong><\/h1><\/div><\/div><\/div><\/div><\/div><div id=\"page-header-background\" class=\"image-container background-image image-shaded hero-reveal image-bottom-left\"><img loading=\"lazy\" decoding=\"async\" width=\"1920\" height=\"1477\" src=\"https:\/\/e3holding.de\/wordpress\/wp-content\/uploads\/2024\/01\/e3-holding-gestalten.jpg\" class=\"img-fluid w-100 pointer-events-none\" alt=\"Gestalten, was gr\u00f6\u00dfer wird als\nwir.\" srcset=\"https:\/\/e3holding.de\/wordpress\/wp-content\/uploads\/2024\/01\/e3-holding-gestalten.jpg 1920w, https:\/\/e3holding.de\/wordpress\/wp-content\/uploads\/2024\/01\/e3-holding-gestalten-300x231.jpg 300w, https:\/\/e3holding.de\/wordpress\/wp-content\/uploads\/2024\/01\/e3-holding-gestalten-1024x788.jpg 1024w, https:\/\/e3holding.de\/wordpress\/wp-content\/uploads\/2024\/01\/e3-holding-gestalten-768x591.jpg 768w, https:\/\/e3holding.de\/wordpress\/wp-content\/uploads\/2024\/01\/e3-holding-gestalten-1536x1182.jpg 1536w, https:\/\/e3holding.de\/wordpress\/wp-content\/uploads\/2024\/01\/e3-holding-gestalten-1280x985.jpg 1280w\" sizes=\"auto, (max-width: 1920px) 100vw, 1920px\" \/><\/div><div id=\"page-header-background-2\" class=\"image-container background-image image-shaded hero-reveal image-bottom-center\"><img loading=\"lazy\" decoding=\"async\" width=\"1800\" height=\"1200\" src=\"https:\/\/e3holding.de\/wordpress\/wp-content\/uploads\/2022\/10\/09A7710.jpg\" class=\"img-fluid w-100 pointer-events-none\" alt=\"\" srcset=\"https:\/\/e3holding.de\/wordpress\/wp-content\/uploads\/2022\/10\/09A7710.jpg 1800w, https:\/\/e3holding.de\/wordpress\/wp-content\/uploads\/2022\/10\/09A7710-300x200.jpg 300w, https:\/\/e3holding.de\/wordpress\/wp-content\/uploads\/2022\/10\/09A7710-1024x683.jpg 1024w, https:\/\/e3holding.de\/wordpress\/wp-content\/uploads\/2022\/10\/09A7710-768x512.jpg 768w, https:\/\/e3holding.de\/wordpress\/wp-content\/uploads\/2022\/10\/09A7710-1536x1024.jpg 1536w\" sizes=\"auto, (max-width: 1800px) 100vw, 1800px\" \/><\/div><\/section><section id=\"block_dcb3fd31d190b6a37e2609c664818bb8\" class=\"custom-block section-promoted-text text-center pt-large pb-large content-content-center\"><div class=\"section-inner\"><div class=\"wrapper-wide\"><div class=\"row\"><div class=\"col-sm-20 offset-sm-2 col-lg-12 offset-lg-6\"><div class=\"block-content\"><p class=\"h2  mb-0\">The entrepreneurial investor for industrial SMEs.<\/p><p class=\"lead mt-3 mb-0\">E3 Holding AG is an industrial holding company dedicated to leading a life\u2019s work into the future. Managed by true entrepreneurs and with a proven track record in sustainability management and digital transformation, we are in it for the long run, nurturing generations and helping SMEs scale new heights. For us, healthy returns and sustainability are not a contradiction, but a successful pas de deux.<\/p><\/div><\/div><\/div><\/div><\/div><\/section><section class=\"custom-block section-image \"><div class=\"wrapper-wide\"><div class=\"row g-0\"><div class=\"col\"><div class=\"image-container image-standard image-lg-wide image-parallax-container image-center\"><img loading=\"lazy\" decoding=\"async\" width=\"1800\" height=\"1200\" src=\"https:\/\/e3holding.de\/wordpress\/wp-content\/uploads\/2022\/10\/09A5398-1.jpg\" class=\"img-fluid image-parallax\" alt=\"Die unternehmerisch gef\u00fchrte Industrieholding f\u00fcr den Mittelstand.\" srcset=\"https:\/\/e3holding.de\/wordpress\/wp-content\/uploads\/2022\/10\/09A5398-1.jpg 1800w, https:\/\/e3holding.de\/wordpress\/wp-content\/uploads\/2022\/10\/09A5398-1-300x200.jpg 300w, https:\/\/e3holding.de\/wordpress\/wp-content\/uploads\/2022\/10\/09A5398-1-1024x683.jpg 1024w, https:\/\/e3holding.de\/wordpress\/wp-content\/uploads\/2022\/10\/09A5398-1-768x512.jpg 768w, https:\/\/e3holding.de\/wordpress\/wp-content\/uploads\/2022\/10\/09A5398-1-1536x1024.jpg 1536w\" sizes=\"auto, (max-width: 1800px) 100vw, 1800px\" \/><\/div><\/div><\/div><\/div><\/section><section class=\"custom-block section-teaser pt-large pb-large content-left\" id=\"block_58c12a7aa88562774b0d19b32fdab161\"><div class=\"section-inner\"><div class=\"wrapper-wide\"><div class=\"row g-0\"><div class=\"col-sm-20 offset-sm-2 offset-lg-2 col-lg-8 align-self-center\"><div class=\"section-content\"><p class=\"teaser-page-title page-title\">E3 Holding<\/p><h2>Rooted in lived values.<\/h2><div class=\"image-container image-standard image-lg-square image-reveal d-block d-lg-none\"><img loading=\"lazy\" decoding=\"async\" width=\"1800\" height=\"1200\" src=\"https:\/\/e3holding.de\/wordpress\/wp-content\/uploads\/2022\/10\/09A5647a.jpg\" class=\"img-fluid pointer-events-none\" alt=\"\" srcset=\"https:\/\/e3holding.de\/wordpress\/wp-content\/uploads\/2022\/10\/09A5647a.jpg 1800w, https:\/\/e3holding.de\/wordpress\/wp-content\/uploads\/2022\/10\/09A5647a-300x200.jpg 300w, https:\/\/e3holding.de\/wordpress\/wp-content\/uploads\/2022\/10\/09A5647a-1024x683.jpg 1024w, https:\/\/e3holding.de\/wordpress\/wp-content\/uploads\/2022\/10\/09A5647a-768x512.jpg 768w, https:\/\/e3holding.de\/wordpress\/wp-content\/uploads\/2022\/10\/09A5647a-1536x1024.jpg 1536w\" sizes=\"auto, (max-width: 1800px) 100vw, 1800px\" \/><\/div><a href=\"https:\/\/e3holding.de\/en\/e3-holding\/\" title=\"E3 Holding\"><button class=\"button teaser-button button-outline-secondary mt-3 button-icon button-arrow\">Continue<\/button><\/a><\/div><\/div><div class=\"col-sm-20 offset-sm-2 offset-lg-2 col-lg-12\"><div class=\"image-container image-standard image-lg-square image-reveal d-none d-lg-block\"><img loading=\"lazy\" decoding=\"async\" width=\"1800\" height=\"1200\" src=\"https:\/\/e3holding.de\/wordpress\/wp-content\/uploads\/2022\/10\/09A5647a.jpg\" class=\"img-fluid pointer-events-none\" alt=\"\" srcset=\"https:\/\/e3holding.de\/wordpress\/wp-content\/uploads\/2022\/10\/09A5647a.jpg 1800w, https:\/\/e3holding.de\/wordpress\/wp-content\/uploads\/2022\/10\/09A5647a-300x200.jpg 300w, https:\/\/e3holding.de\/wordpress\/wp-content\/uploads\/2022\/10\/09A5647a-1024x683.jpg 1024w, https:\/\/e3holding.de\/wordpress\/wp-content\/uploads\/2022\/10\/09A5647a-768x512.jpg 768w, https:\/\/e3holding.de\/wordpress\/wp-content\/uploads\/2022\/10\/09A5647a-1536x1024.jpg 1536w\" sizes=\"auto, (max-width: 1800px) 100vw, 1800px\" \/><\/div><\/div><\/div><\/div><\/section><style type=\"text\/css\">#block_7e3b77f3f49c4ab5516341c364ae4eb2 .section-inner {background-color: rgb(242,242,242);} #block_7e3b77f3f49c4ab5516341c364ae4eb2 .background-image:before {background: -moz-linear-gradient(left, rgba(242,242,242,1) 0%, rgba(242,242,242,0) 100%);background: -webkit-linear-gradient(left, rgba(242,242,242,1) 0%,rgba(242,242,242,0) 100%);background: linear-gradient(to right, rgba(242,242,242,1) 0%,rgba(242,242,242,0) 100%);}#block_7e3b77f3f49c4ab5516341c364ae4eb2 .section-content:before {background: -moz-linear-gradient(bottom, rgba(242,242,242,1) 0%, rgba(242,242,242,0) 100%);background: -webkit-linear-gradient(bottom, rgba(242,242,242,1) 0%,rgba(242,242,242,0) 100%);background: linear-gradient(to top, rgba(242,242,242,1) 0%,rgba(242,242,242,0) 100%);}#block_7e3b77f3f49c4ab5516341c364ae4eb2.gradient-top .section-inner:before {background: -moz-linear-gradient(top, rgba(242,242,242,1) 0%, rgba(242,242,242,0) 100%);background: -webkit-linear-gradient(top, rgba(242,242,242,1) 0%,rgba(242,242,242,0) 100%);background: linear-gradient(to bottom, rgba(242,242,242,1) 0%,rgba(242,242,242,0) 100%);}<\/style><section class=\"custom-block section-teaser has-background content-right\" id=\"block_7e3b77f3f49c4ab5516341c364ae4eb2\"><div class=\"section-inner\"><div class=\"image-container background-image image-bg-transition image-bg-transition-right image-center\"><img loading=\"lazy\" decoding=\"async\" width=\"1800\" height=\"1200\" src=\"https:\/\/e3holding.de\/wordpress\/wp-content\/uploads\/2022\/10\/09A0270.jpg\" class=\"img-fluid pointer-events-none\" alt=\"\" srcset=\"https:\/\/e3holding.de\/wordpress\/wp-content\/uploads\/2022\/10\/09A0270.jpg 1800w, https:\/\/e3holding.de\/wordpress\/wp-content\/uploads\/2022\/10\/09A0270-300x200.jpg 300w, https:\/\/e3holding.de\/wordpress\/wp-content\/uploads\/2022\/10\/09A0270-1024x683.jpg 1024w, https:\/\/e3holding.de\/wordpress\/wp-content\/uploads\/2022\/10\/09A0270-768x512.jpg 768w, https:\/\/e3holding.de\/wordpress\/wp-content\/uploads\/2022\/10\/09A0270-1536x1024.jpg 1536w\" sizes=\"auto, (max-width: 1800px) 100vw, 1800px\" \/><\/div><div class=\"wrapper-wide\"><div class=\"row g-0\"><div class=\"col-sm-20 offset-sm-2 col-lg-10 align-self-end align-self-lg-center position-relative\"><div class=\"section-content pt-lg-medium pb-medium\"><p class=\"teaser-page-title page-title\">E3 Group<\/p><h2>A growing family.<\/h2><p class=\"mt-2 mt-lg-0 mb-0\">We feel at home in the industries of the future. E3 Holding is an industrial holding company supporting its investees with capital and technical know-how. What matters to us is integrity and long-term value creation.<\/p><a href=\"https:\/\/e3holding.de\/en\/e3-group\/\" title=\"E3 Group\"><button class=\"button teaser-button button-outline-secondary mt-3 button-icon button-arrow\">Continue<\/button><\/a><\/div><\/div><\/div><\/div><\/section><section class=\"custom-block section-teaser pt-large pb-large content-right\" id=\"block_9eee726dbab04d87da982c2e06fd2395\"><div class=\"section-inner\"><div class=\"wrapper-wide\"><div class=\"row g-0\"><div class=\"col-sm-20 offset-sm-2 col-lg-8 order-lg-2 align-self-center\"><div class=\"section-content\"><p class=\"teaser-page-title page-title\">E3 Team<\/p><h2>Our actions speak for us. Come see what we do.<\/h2><div class=\"image-container image-standard image-lg-square image-reveal d-block d-lg-none\"><img loading=\"lazy\" decoding=\"async\" width=\"1800\" height=\"1200\" src=\"https:\/\/e3holding.de\/wordpress\/wp-content\/uploads\/2024\/05\/09A4598.jpg\" class=\"img-fluid pointer-events-none\" alt=\"E3-Mitarbeiter in der Bibliothek\" srcset=\"https:\/\/e3holding.de\/wordpress\/wp-content\/uploads\/2024\/05\/09A4598.jpg 1800w, https:\/\/e3holding.de\/wordpress\/wp-content\/uploads\/2024\/05\/09A4598-300x200.jpg 300w, https:\/\/e3holding.de\/wordpress\/wp-content\/uploads\/2024\/05\/09A4598-1024x683.jpg 1024w, https:\/\/e3holding.de\/wordpress\/wp-content\/uploads\/2024\/05\/09A4598-768x512.jpg 768w, https:\/\/e3holding.de\/wordpress\/wp-content\/uploads\/2024\/05\/09A4598-1536x1024.jpg 1536w, https:\/\/e3holding.de\/wordpress\/wp-content\/uploads\/2024\/05\/09A4598-1280x853.jpg 1280w\" sizes=\"auto, (max-width: 1800px) 100vw, 1800px\" \/><\/div><p class=\"mt-2 mt-lg-0 mb-0\">As a forward-thinking industrial holding company with a strong entrepreneurial spirit, we bring together decision-makers, innovators and explorers. Meet the team.<\/p><a href=\"https:\/\/e3holding.de\/en\/e3-holding\/e3-team\/\" title=\"E3 Team\"><button class=\"button teaser-button button-outline-secondary mt-3 button-icon button-arrow\">Continue<\/button><\/a><\/div><\/div><div class=\"col-sm-20 offset-sm-2 col-lg-12 offset-lg-0 order-lg-12\"><div class=\"image-container image-standard image-lg-square image-reveal d-none d-lg-block\"><img loading=\"lazy\" decoding=\"async\" width=\"1800\" height=\"1200\" src=\"https:\/\/e3holding.de\/wordpress\/wp-content\/uploads\/2024\/05\/09A4598.jpg\" class=\"img-fluid pointer-events-none\" alt=\"E3-Mitarbeiter in der Bibliothek\" srcset=\"https:\/\/e3holding.de\/wordpress\/wp-content\/uploads\/2024\/05\/09A4598.jpg 1800w, https:\/\/e3holding.de\/wordpress\/wp-content\/uploads\/2024\/05\/09A4598-300x200.jpg 300w, https:\/\/e3holding.de\/wordpress\/wp-content\/uploads\/2024\/05\/09A4598-1024x683.jpg 1024w, https:\/\/e3holding.de\/wordpress\/wp-content\/uploads\/2024\/05\/09A4598-768x512.jpg 768w, https:\/\/e3holding.de\/wordpress\/wp-content\/uploads\/2024\/05\/09A4598-1536x1024.jpg 1536w, https:\/\/e3holding.de\/wordpress\/wp-content\/uploads\/2024\/05\/09A4598-1280x853.jpg 1280w\" sizes=\"auto, (max-width: 1800px) 100vw, 1800px\" \/><\/div><\/div><\/div><\/div><\/section><section class=\"custom-block section-teaser pb-medium content-left\" id=\"block_69f89bf1ea28d0dc9f0457de2d0a2ae8\"><div class=\"section-inner\"><div class=\"wrapper-wide\"><div class=\"row g-0\"><div class=\"col-sm-20 offset-sm-2 offset-lg-2 col-lg-8 align-self-center\"><div class=\"section-content\"><p class=\"teaser-page-title page-title\">Sustainability Strategy<\/p><h2>E3 Holding SE\u2019s Sustainability Strategy<\/h2><div class=\"image-container image-standard image-lg-square image-reveal d-block d-lg-none\"><img loading=\"lazy\" decoding=\"async\" width=\"1800\" height=\"1200\" src=\"https:\/\/e3holding.de\/wordpress\/wp-content\/uploads\/2023\/03\/e3-esg-strategie.jpg\" class=\"img-fluid pointer-events-none\" alt=\"\" srcset=\"https:\/\/e3holding.de\/wordpress\/wp-content\/uploads\/2023\/03\/e3-esg-strategie.jpg 1800w, https:\/\/e3holding.de\/wordpress\/wp-content\/uploads\/2023\/03\/e3-esg-strategie-300x200.jpg 300w, https:\/\/e3holding.de\/wordpress\/wp-content\/uploads\/2023\/03\/e3-esg-strategie-1024x683.jpg 1024w, https:\/\/e3holding.de\/wordpress\/wp-content\/uploads\/2023\/03\/e3-esg-strategie-768x512.jpg 768w, https:\/\/e3holding.de\/wordpress\/wp-content\/uploads\/2023\/03\/e3-esg-strategie-1536x1024.jpg 1536w\" sizes=\"auto, (max-width: 1800px) 100vw, 1800px\" \/><\/div><p class=\"mt-2 mt-lg-0 mb-0\">Shaping the Bigger Future<\/p><a href=\"https:\/\/e3holding.de\/en\/e3-approach\/sustainability-strategy\/\" title=\"Sustainability Strategy\"><button class=\"button teaser-button button-outline-secondary mt-3 button-icon button-arrow\">Continue<\/button><\/a><\/div><\/div><div class=\"col-sm-20 offset-sm-2 offset-lg-2 col-lg-12\"><div class=\"image-container image-standard image-lg-square image-reveal d-none d-lg-block\"><img loading=\"lazy\" decoding=\"async\" width=\"1800\" height=\"1200\" src=\"https:\/\/e3holding.de\/wordpress\/wp-content\/uploads\/2023\/03\/e3-esg-strategie.jpg\" class=\"img-fluid pointer-events-none\" alt=\"\" srcset=\"https:\/\/e3holding.de\/wordpress\/wp-content\/uploads\/2023\/03\/e3-esg-strategie.jpg 1800w, https:\/\/e3holding.de\/wordpress\/wp-content\/uploads\/2023\/03\/e3-esg-strategie-300x200.jpg 300w, https:\/\/e3holding.de\/wordpress\/wp-content\/uploads\/2023\/03\/e3-esg-strategie-1024x683.jpg 1024w, https:\/\/e3holding.de\/wordpress\/wp-content\/uploads\/2023\/03\/e3-esg-strategie-768x512.jpg 768w, https:\/\/e3holding.de\/wordpress\/wp-content\/uploads\/2023\/03\/e3-esg-strategie-1536x1024.jpg 1536w\" sizes=\"auto, (max-width: 1800px) 100vw, 1800px\" \/><\/div><\/div><\/div><\/div><\/section><section class=\"custom-block section-post-grid\"><div class=\"section-inner position-relative pt-medium pb-medium bg-dark\"><figure class=\"image-container image-portrait background-image background-branding image-gradient-dark-bottom\"><img decoding=\"async\" src=\"https:\/\/e3holding.de\/wordpress\/wp-content\/themes\/e3\/images\/brand\/brand-icon-white.svg\" class=\"brand-image\" alt=\"\"><\/figure><div class=\"wrapper-wide\"><div class=\"section-title pb-medium\"><div class=\"row g-0\"><div class=\"col-sm-20 offset-sm-2 col-lg-10 offset-lg-2\"><h2 class=\"section-title text-white h1 fade-in\">Keeping Sight of What&#8217;s <strong>Good.<\/strong><\/h2><p class=\"text-white mb-0 fade-in\">We don&rsquo;t know everything, and we&rsquo;re far from claiming we do. But there is one thing we know how to do: stick our nose in the wind, be curious and courageous, try out things. We are proud to share much of this journey with you here. From our latest ESG report to exciting insights into critical developments and personal stories &ndash; enjoy exploring!<\/p><\/div><\/div><\/div><div class=\"row g-0\"><div class=\" col-sm-16 offset-sm-2 col-lg-12 offset-lg-0\"><div class=\"post-item item-1\"><div class=\"post-item image-hover\"><a href=\"https:\/\/e3holding.de\/en\/e3-in-finance-magazine\/\"><div class=\"image-container image-standard image-center image-rounded-top mb-3 mb-sm-0 image-gradient-dark-bottom\"><img loading=\"lazy\" decoding=\"async\" width=\"1800\" height=\"1200\" src=\"https:\/\/e3holding.de\/wordpress\/wp-content\/uploads\/2025\/01\/e3-olivier-weddrien-laptop.jpg\" class=\"attachment-image-standard size-image-standard wp-post-image\" alt=\"Gr\u00fcnder und Vorstand Olivier Weddrien\" srcset=\"https:\/\/e3holding.de\/wordpress\/wp-content\/uploads\/2025\/01\/e3-olivier-weddrien-laptop.jpg 1800w, https:\/\/e3holding.de\/wordpress\/wp-content\/uploads\/2025\/01\/e3-olivier-weddrien-laptop-300x200.jpg 300w, https:\/\/e3holding.de\/wordpress\/wp-content\/uploads\/2025\/01\/e3-olivier-weddrien-laptop-1024x683.jpg 1024w, https:\/\/e3holding.de\/wordpress\/wp-content\/uploads\/2025\/01\/e3-olivier-weddrien-laptop-768x512.jpg 768w, https:\/\/e3holding.de\/wordpress\/wp-content\/uploads\/2025\/01\/e3-olivier-weddrien-laptop-1536x1024.jpg 1536w, https:\/\/e3holding.de\/wordpress\/wp-content\/uploads\/2025\/01\/e3-olivier-weddrien-laptop-1280x853.jpg 1280w\" sizes=\"auto, (max-width: 1800px) 100vw, 1800px\" \/><\/div><div class=\"m-auto item-content text-center\" style=\"max-width: 40rem\"><div class=\"post-category mb-1\">E3 in the news<\/div><h3 class=\"h4 mb-0 text-white\">E3 in FINANCE magazine<\/h3><p class=\"pt-2 small text-white\">Olivier Weddrien spoke to Melanie Ehmann of FINANCE magazine about the potential of strategic pricing and what this can mean for a company\u2019s profitability and positioning.<\/p><\/div><\/a><\/div><\/div><\/div><div class=\" col-sm-16 offset-sm-6 col-lg-10 offset-lg-2 pt-medium pt-lg-xlarge\"><div class=\"post-item item-2\"><div class=\"post-item image-hover\"><a href=\"https:\/\/e3holding.de\/en\/e3-in-frankenpost\/\"><div class=\"image-container image-standard image-center image-rounded-top mb-3 mb-sm-0 image-gradient-dark-bottom\"><img loading=\"lazy\" decoding=\"async\" width=\"1800\" height=\"1200\" src=\"https:\/\/e3holding.de\/wordpress\/wp-content\/uploads\/2024\/12\/e3-fottler-loew.jpg\" class=\"attachment-image-standard size-image-standard wp-post-image\" alt=\"Thomas Fotteler und der PEMA-Gesch\u00e4ftsf\u00fchrer J\u00f6rg Loew im Interview mit der Frankenpost Verlag GmbH.\" srcset=\"https:\/\/e3holding.de\/wordpress\/wp-content\/uploads\/2024\/12\/e3-fottler-loew.jpg 1800w, https:\/\/e3holding.de\/wordpress\/wp-content\/uploads\/2024\/12\/e3-fottler-loew-300x200.jpg 300w, https:\/\/e3holding.de\/wordpress\/wp-content\/uploads\/2024\/12\/e3-fottler-loew-1024x683.jpg 1024w, https:\/\/e3holding.de\/wordpress\/wp-content\/uploads\/2024\/12\/e3-fottler-loew-768x512.jpg 768w, https:\/\/e3holding.de\/wordpress\/wp-content\/uploads\/2024\/12\/e3-fottler-loew-1536x1024.jpg 1536w, https:\/\/e3holding.de\/wordpress\/wp-content\/uploads\/2024\/12\/e3-fottler-loew-1280x853.jpg 1280w\" sizes=\"auto, (max-width: 1800px) 100vw, 1800px\" \/><\/div><div class=\"m-auto item-content text-center\" style=\"max-width: 40rem\"><div class=\"post-category mb-1\">E3 in the news<\/div><h3 class=\"h4 mb-0 text-white\">E3 in Frankenpost<\/h3><p class=\"pt-2 small text-white\">Thomas Fotteler and PEMA Managing Director J\u00f6rg Loew share their insights in this interview with Frankenpost Verlag GmbH.<\/p><\/div><\/a><\/div><\/div><\/div><div class=\" col-sm-16 offset-sm-2 col-lg-10 offset-lg-0 pt-medium pt-lg-0\"><div class=\"post-item item-3\"><div class=\"post-item image-hover\"><a href=\"https:\/\/e3holding.de\/en\/e3-in-unternehmer-edition\/\"><div class=\"image-container image-standard image-center image-rounded-top mb-3 mb-sm-0 image-gradient-dark-bottom\"><img loading=\"lazy\" decoding=\"async\" width=\"1800\" height=\"1200\" src=\"https:\/\/e3holding.de\/wordpress\/wp-content\/uploads\/2024\/12\/e3-nachhaltigkeit-und-digitalisierung.jpg\" class=\"attachment-image-standard size-image-standard wp-post-image\" alt=\"\ud835\udde1\ud835\uddee\ud835\uddf0\ud835\uddf5\ud835\uddf5\ud835\uddee\ud835\uddf9\ud835\ude01\ud835\uddf6\ud835\uddf4\ud835\uddf8\ud835\uddf2\ud835\uddf6\ud835\ude01 \ud835\ude02\ud835\uddfb\ud835\uddf1 \ud835\uddd7\ud835\uddf6\ud835\uddf4\ud835\uddf6\ud835\ude01\ud835\uddee\ud835\uddf9\ud835\uddf6\ud835\ude00\ud835\uddf6\ud835\uddf2\ud835\uddff\ud835\ude02\ud835\uddfb\ud835\uddf4: \ud835\uddd7\ud835\uddf2\ud835\uddff \ud835\udde6\ud835\uddf0\ud835\uddf5\ud835\uddf9\u00fc\ud835\ude00\ud835\ude00\ud835\uddf2\ud835\uddf9 \ud835\ude07\ud835\ude02\ud835\uddff \ud835\uddfa\ud835\uddfc\ud835\uddf1\ud835\uddf2\ud835\uddff\ud835\uddfb\ud835\uddf2\ud835\uddfb \ud835\uddea\ud835\uddf2\ud835\uddff\ud835\ude01\ud835\ude00\ud835\uddf0\ud835\uddf5\u00f6\ud835\uddfd\ud835\uddf3\ud835\ude02\ud835\uddfb\ud835\uddf4\" srcset=\"https:\/\/e3holding.de\/wordpress\/wp-content\/uploads\/2024\/12\/e3-nachhaltigkeit-und-digitalisierung.jpg 1800w, https:\/\/e3holding.de\/wordpress\/wp-content\/uploads\/2024\/12\/e3-nachhaltigkeit-und-digitalisierung-300x200.jpg 300w, https:\/\/e3holding.de\/wordpress\/wp-content\/uploads\/2024\/12\/e3-nachhaltigkeit-und-digitalisierung-1024x683.jpg 1024w, https:\/\/e3holding.de\/wordpress\/wp-content\/uploads\/2024\/12\/e3-nachhaltigkeit-und-digitalisierung-768x512.jpg 768w, https:\/\/e3holding.de\/wordpress\/wp-content\/uploads\/2024\/12\/e3-nachhaltigkeit-und-digitalisierung-1536x1024.jpg 1536w, https:\/\/e3holding.de\/wordpress\/wp-content\/uploads\/2024\/12\/e3-nachhaltigkeit-und-digitalisierung-1280x853.jpg 1280w\" sizes=\"auto, (max-width: 1800px) 100vw, 1800px\" \/><\/div><div class=\"m-auto item-content text-center\" style=\"max-width: 40rem\"><div class=\"post-category mb-1\">E3 in the news<\/div><h3 class=\"h4 mb-0 text-white\">E3 in Unternehmer Edition<\/h3><p class=\"pt-2 small text-white\">Olivier Weddrien on the cornerstones of our operating framework and holistic approach to group companies.<\/p><\/div><\/a><\/div><\/div><\/div><div class=\" col-sm-16 offset-sm-6 col-lg-12 offset-lg-2 pt-medium pt-lg-xlarge\"><div class=\"post-item item-4\"><div class=\"post-item image-hover\"><a href=\"https:\/\/e3holding.de\/en\/e3-in-lebensmittel-zeitung\/\"><div class=\"image-container image-standard image-center image-rounded-top mb-3 mb-sm-0 image-gradient-dark-bottom\"><img loading=\"lazy\" decoding=\"async\" width=\"2560\" height=\"1707\" src=\"https:\/\/e3holding.de\/wordpress\/wp-content\/uploads\/2024\/12\/e3-pema-pumpernickel.jpg\" class=\"attachment-image-standard size-image-standard wp-post-image\" alt=\"Pumpernickel der Firma PEMA\" srcset=\"https:\/\/e3holding.de\/wordpress\/wp-content\/uploads\/2024\/12\/e3-pema-pumpernickel.jpg 2560w, https:\/\/e3holding.de\/wordpress\/wp-content\/uploads\/2024\/12\/e3-pema-pumpernickel-300x200.jpg 300w, https:\/\/e3holding.de\/wordpress\/wp-content\/uploads\/2024\/12\/e3-pema-pumpernickel-1024x683.jpg 1024w, https:\/\/e3holding.de\/wordpress\/wp-content\/uploads\/2024\/12\/e3-pema-pumpernickel-768x512.jpg 768w, https:\/\/e3holding.de\/wordpress\/wp-content\/uploads\/2024\/12\/e3-pema-pumpernickel-1536x1024.jpg 1536w, https:\/\/e3holding.de\/wordpress\/wp-content\/uploads\/2024\/12\/e3-pema-pumpernickel-2048x1366.jpg 2048w, https:\/\/e3holding.de\/wordpress\/wp-content\/uploads\/2024\/12\/e3-pema-pumpernickel-1280x854.jpg 1280w, https:\/\/e3holding.de\/wordpress\/wp-content\/uploads\/2024\/12\/e3-pema-pumpernickel-1920x1280.jpg 1920w\" sizes=\"auto, (max-width: 2560px) 100vw, 2560px\" \/><\/div><div class=\"m-auto item-content text-center\" style=\"max-width: 40rem\"><div class=\"post-category mb-1\">E3 in the news<\/div><h3 class=\"h4 mb-0 text-white\">E3 in Lebensmittel Zeitung<\/h3><p class=\"pt-2 small text-white\">Our newest investment is progressing in leaps and bounds. But how has E3 helped PEMA set a course for success? And in which markets is PEMA ready to make its move? E3\u2019s Thomas Fotteler and PEMA Managing Director J\u00f6rg Loew spoke to Alrun Kr\u00f6nert of Lebensmittel Zeitung about all this and more.<\/p><\/div><\/a><\/div><\/div><\/div><\/div><\/div><div class=\"pt-6 text-center\"><a href=\"https:\/\/e3holding.de\/e3-aktuell\/news-archiv\/\"><button class=\"text-white button button-outline-secondary\">More articles<\/button><\/a><\/div><\/div><\/div><\/section>","protected":false},"excerpt":{"rendered":"","protected":false},"author":9,"featured_media":4477,"parent":0,"menu_order":1,"comment_status":"closed","ping_status":"closed","template":"","meta":{"_acf_changed":false,"footnotes":""},"class_list":["post-3657","page","type-page","status-publish","has-post-thumbnail","hentry"],"acf":[],"_links":{"self":[{"href":"https:\/\/e3holding.de\/en\/wp-json\/wp\/v2\/pages\/3657","targetHints":{"allow":["GET"]}}],"collection":[{"href":"https:\/\/e3holding.de\/en\/wp-json\/wp\/v2\/pages"}],"about":[{"href":"https:\/\/e3holding.de\/en\/wp-json\/wp\/v2\/types\/page"}],"author":[{"embeddable":true,"href":"https:\/\/e3holding.de\/en\/wp-json\/wp\/v2\/users\/9"}],"replies":[{"embeddable":true,"href":"https:\/\/e3holding.de\/en\/wp-json\/wp\/v2\/comments?post=3657"}],"version-history":[{"count":18,"href":"https:\/\/e3holding.de\/en\/wp-json\/wp\/v2\/pages\/3657\/revisions"}],"predecessor-version":[{"id":6321,"href":"https:\/\/e3holding.de\/en\/wp-json\/wp\/v2\/pages\/3657\/revisions\/6321"}],"wp:featuredmedia":[{"embeddable":true,"href":"https:\/\/e3holding.de\/en\/wp-json\/wp\/v2\/media\/4477"}],"wp:attachment":[{"href":"https:\/\/e3holding.de\/en\/wp-json\/wp\/v2\/media?parent=3657"}],"curies":[{"name":"wp","href":"https:\/\/api.w.org\/{rel}","templated":true}]}}